{"id":1198,"date":"2023-07-12T09:48:17","date_gmt":"2023-07-12T08:48:17","guid":{"rendered":"https:\/\/www.repopsi.f.bg.ac.rs\/?page_id=1198"},"modified":"2023-07-12T10:21:29","modified_gmt":"2023-07-12T09:21:29","slug":"politika-privatnosti","status":"publish","type":"page","link":"https:\/\/www.repopsi.f.bg.ac.rs\/en\/privacy-policy\/","title":{"rendered":"REPOPSI Privacy Policy"},"content":{"rendered":"<hr \/>\n<p><strong>1. INTRODUCTION<\/strong><\/p>\n<p class=\"translation-block\">The\u00a0<a href=\"https:\/\/osf.io\/5zb8p\/\">Repository of psychological instruments in Serbian<\/a>\u00a0(hereafter called \u201cREPOPSI\u201d) is an open repository of psychological measures, scales, tests, and other research instruments. REPOPSI is maintained by the\u00a0<a href=\"https:\/\/lira.f.bg.ac.rs\/en\/\">Laboratory for Research of Individual Differences<\/a>\u00a0at the Faculty of Philosophy, University of Belgrade (hereafter called \u201cLIRA\u201d).<\/p>\n<hr \/>\n<p><strong>2. DEFINITIONS<\/strong><\/p>\n<p class=\"translation-block\"><strong>\u201cOSF\u201d<\/strong>: A free and open source research platform designed to help support researchers practice open science.<\/p>\n<p class=\"translation-block\"><strong>\u201cProject\u201d<\/strong>: An individual or collaborative workspace on the OSF that may have embedded within it subproject(s) or component(s).<\/p>\n<p class=\"translation-block\"><strong>\u201cComponent\u201d<\/strong>: A sub-project, that is a folder of the Project on the OSF, with custom privacy settings.<\/p>\n<p class=\"translation-block\"><strong>\u201cPassive User\u201d<\/strong>: Persons who may use the OSF solely as an information resource without any ability to change or modify any Project content.<\/p>\n<hr \/>\n<p><strong>3. PRIVACY POLICY<\/strong><\/p>\n<p>REPOPSI is a public Project on the OSF. The instruments available in full in REPOPSI are deposited in their own public Component. These Terms of Use use the term \u201cREPOPSI\u201d to refer to the Project and each individual Component within it.<\/p>\n<p class=\"translation-block\">By accessing or using REPOPSI, the User agrees to accept the terms of the\u00a0<a href=\"https:\/\/github.com\/CenterForOpenScience\/cos.io\/blob\/master\/PRIVACY_POLICY.md\">Privacy Policy of the OSF<\/a>. In particular, all REPOPSI users may be Passive Users of the OSF. This means that the OSF does not collect any personally identifiable information about the user when they visit REPOPSI, unless the user chooses to provide the OSF with that information.<\/p>\n<p class=\"translation-block\">Whenever a user visits REPOPSI, certain information is gathered and stored automatically. This information does not identify the user personally. The OSF \u201cmay collect, analyze, and share aggregated non-personal information to evaluate how visitors use\u201d their Websites and Services (from the\u00a0<a href=\"https:\/\/github.com\/CenterForOpenScience\/cos.io\/blob\/master\/PRIVACY_POLICY.md\">Privacy Policy of the OSF<\/a>). In particular, such information may be used for REPOPSI\u2019s publicly available analytics (e.g.\u00a0<a href=\"https:\/\/osf.io\/5zb8p\/analytics\">Project Analytics<\/a>).<\/p>\n<hr \/>\n<p><strong>4. QUESTIONS<\/strong><\/p>\n<p class=\"translation-block\">Questions about this Privacy Policy can be directed to\u00a0<a href=\"mailto:lira@f.bg.ac.rs\">lira@f.bg.ac.rs<\/a>. Support is provided in English and Serbian.<\/p>\n<p>This Privacy Policy was last updated on June 16, 2023.<\/p>","protected":false},"excerpt":{"rendered":"<p>1. UVOD Repozitorijum psiholo\u0161kih instrumenata na srpskom jeziku\u00a0(u daljem tekstu: REPOPSI) je otvoreni repozitorijum psiholo\u0161kih mera, skala, testova i drugih istra\u017eiva\u010dkih instrumenata. REPOPSI odr\u017eava\u00a0Laboratorija za istra\u017eivanje individualnih razlika\u00a0Filozofskog fakulteta Univerziteta u Beogradu (u daljem tekstu: LIRA). 2. DEFINICIJE \u201eOSF\u201d: Besplatna istra\u017eiva\u010dka platforma otvorenog koda dizajnirana da pomogne istra\u017eiva\u010dima da praktikuju otvorenu nauku. \u201eProjekat\u201d: Pojedina\u010dni ili [&hellip;]<\/p>","protected":false},"author":5,"featured_media":0,"parent":0,"menu_order":0,"comment_status":"closed","ping_status":"closed","template":"","meta":{"_acf_changed":false,"_et_pb_use_builder":"","_et_pb_old_content":"","_et_gb_content_width":"","inline_featured_image":false,"footnotes":""},"class_list":["post-1198","page","type-page","status-publish","hentry"],"acf":[],"_links":{"self":[{"href":"https:\/\/www.repopsi.f.bg.ac.rs\/en\/wp-json\/wp\/v2\/pages\/1198","targetHints":{"allow":["GET"]}}],"collection":[{"href":"https:\/\/www.repopsi.f.bg.ac.rs\/en\/wp-json\/wp\/v2\/pages"}],"about":[{"href":"https:\/\/www.repopsi.f.bg.ac.rs\/en\/wp-json\/wp\/v2\/types\/page"}],"author":[{"embeddable":true,"href":"https:\/\/www.repopsi.f.bg.ac.rs\/en\/wp-json\/wp\/v2\/users\/5"}],"replies":[{"embeddable":true,"href":"https:\/\/www.repopsi.f.bg.ac.rs\/en\/wp-json\/wp\/v2\/comments?post=1198"}],"version-history":[{"count":0,"href":"https:\/\/www.repopsi.f.bg.ac.rs\/en\/wp-json\/wp\/v2\/pages\/1198\/revisions"}],"wp:attachment":[{"href":"https:\/\/www.repopsi.f.bg.ac.rs\/en\/wp-json\/wp\/v2\/media?parent=1198"}],"curies":[{"name":"wp","href":"https:\/\/api.w.org\/{rel}","templated":true}]}}