{"id":1198,"date":"2023-07-12T09:48:17","date_gmt":"2023-07-12T08:48:17","guid":{"rendered":"https:\/\/www.repopsi.f.bg.ac.rs\/?page_id=1198"},"modified":"2023-07-12T10:21:29","modified_gmt":"2023-07-12T09:21:29","slug":"politika-privatnosti","status":"publish","type":"page","link":"https:\/\/www.repopsi.f.bg.ac.rs\/sr\/politika-privatnosti\/","title":{"rendered":"Politika privatnosti REPOPSI-ja"},"content":{"rendered":"<hr \/>\n<p><strong>1. UVOD<\/strong><\/p>\n<p><a href=\"https:\/\/osf.io\/5zb8p\/\" target=\"_blank\" rel=\"noopener\">Repozitorijum psiholo\u0161kih instrumenata na srpskom jeziku<\/a>\u00a0(u daljem tekstu: REPOPSI) je otvoreni repozitorijum psiholo\u0161kih mera, skala, testova i drugih istra\u017eiva\u010dkih instrumenata. REPOPSI odr\u017eava\u00a0<a href=\"https:\/\/lira.f.bg.ac.rs\/sr\/\" target=\"_blank\" rel=\"noopener\">Laboratorija za istra\u017eivanje individualnih razlika<\/a>\u00a0Filozofskog fakulteta Univerziteta u Beogradu (u daljem tekstu: LIRA).<\/p>\n<hr \/>\n<p><strong>2. DEFINICIJE<\/strong><\/p>\n<p><strong>\u201eOSF\u201d<\/strong>: Besplatna istra\u017eiva\u010dka platforma otvorenog koda dizajnirana da pomogne istra\u017eiva\u010dima da praktikuju otvorenu nauku.<\/p>\n<p><strong>\u201eProjekat\u201d<\/strong>: Pojedina\u010dni ili zajedni\u010dki radni prostor na OSF-u u koji mogu da budu ugra\u0111eni jedan podprojekat (ili vi\u0161e njih) ili jedna komponenta (ili vi\u0161e njih).<\/p>\n<p><strong>\u201eKomponenta\u201d<\/strong>: Potprojekat, tj. folder Projekta na OSF-u, sa prilago\u0111enim pode\u0161avanjima privatnosti.<\/p>\n<p><strong>\u201ePasivni korisnik\u201d<\/strong>: Osobe koje mogu da koriste OSF samo kao izvor informacija bez ikakve moguc\u0301nosti da menjaju ili modifikuju bilo koji sadr\u017eaj Projekta.<\/p>\n<hr \/>\n<p><strong>3. POLITIKA PRIVATNOSTI<\/strong><\/p>\n<p>REPOPSI je javni projekat na OSF-u. Instrumenti dostupni u celosti u REPOPSI deponuju se u njihovoj sopstvenoj javnoj komponenti. Ovi Uslovi kori\u0161c\u0301enja koriste termin \u201eREPOPSI\u201d da bi ozna\u010dili i Projekat i svaku pojedina\u010dnu komponentu unutar njega.<\/p>\n<p>Pristupanjem REPOPSI-ju ili njegovim kori\u0161c\u0301enjem, korisnik je saglasan sa time da prihvata uslove\u00a0<a href=\"https:\/\/github.com\/CenterForOpenScience\/cos.io\/blob\/master\/PRIVACY_POLICY.md\" target=\"_blank\" rel=\"noopener\">Politike privatnosti OSF-a<\/a>. Konkretno, svi korisnici REPOPSI-ja mogu da budu pasivni korisnici OSF-a. To zna\u010di da OSF ne prikuplja nikakve li\u010dne informacije o korisniku kada posete REPOPSI, osim ako korisnik ne odlu\u010di da OSF-u pru\u017ei te informacije.<\/p>\n<p>Kad god korisnik poseti REPOPSI, odre\u0111ene informacije se automatski prikupljaju i \u010duvaju. Ove informacije ne identifikuju korisnika li\u010dno. OSF \u201emo\u017ee da prikuplja, analizira i deli zbirne ne-li\u010dne informacije da bi procenio kako posetioci koriste\u201d njihove veb-stranice i usluge (iz\u00a0<a href=\"https:\/\/github.com\/CenterForOpenScience\/cos.io\/blob\/master\/PRIVACY_POLICY.md\" target=\"_blank\" rel=\"noopener\">Politika privatnosti OSF-a<\/a>). Konkretno, takve informacije mogu da budu kori\u0161\u0107ene za REPOPSI-jevu javno dostupnu analitiku (npr.\u00a0<a href=\"https:\/\/osf.io\/5zb8p\/analytics\" target=\"_blank\" rel=\"noopener\">Analitika projekta<\/a>).<\/p>\n<hr \/>\n<p><strong>4. PITANJA<\/strong><\/p>\n<p>Pitanja o ovoj Politici privatnosti mo\u017eete da uputite na\u00a0<a href=\"mailto:lira@f.bg.ac.rs\">lira@f.bg.ac.rs<\/a>. Podr\u0161ka je obezbe\u0111ena na engleskom i srpskom jeziku.<\/p>\n<p>Ova Politika privatnosti je poslednji put a\u017eurirana 16. juna 2023.<\/p>\n","protected":false},"excerpt":{"rendered":"<p>1. UVOD Repozitorijum psiholo\u0161kih instrumenata na srpskom jeziku\u00a0(u daljem tekstu: REPOPSI) je otvoreni repozitorijum psiholo\u0161kih mera, skala, testova i drugih istra\u017eiva\u010dkih instrumenata. REPOPSI odr\u017eava\u00a0Laboratorija za istra\u017eivanje individualnih razlika\u00a0Filozofskog fakulteta Univerziteta u Beogradu (u daljem tekstu: LIRA). 2. DEFINICIJE \u201eOSF\u201d: Besplatna istra\u017eiva\u010dka platforma otvorenog koda dizajnirana da pomogne istra\u017eiva\u010dima da praktikuju otvorenu nauku. \u201eProjekat\u201d: Pojedina\u010dni ili [&hellip;]<\/p>\n","protected":false},"author":5,"featured_media":0,"parent":0,"menu_order":0,"comment_status":"closed","ping_status":"closed","template":"","meta":{"_acf_changed":false,"_et_pb_use_builder":"","_et_pb_old_content":"","_et_gb_content_width":"","inline_featured_image":false,"footnotes":""},"class_list":["post-1198","page","type-page","status-publish","hentry"],"acf":[],"_links":{"self":[{"href":"https:\/\/www.repopsi.f.bg.ac.rs\/sr\/wp-json\/wp\/v2\/pages\/1198","targetHints":{"allow":["GET"]}}],"collection":[{"href":"https:\/\/www.repopsi.f.bg.ac.rs\/sr\/wp-json\/wp\/v2\/pages"}],"about":[{"href":"https:\/\/www.repopsi.f.bg.ac.rs\/sr\/wp-json\/wp\/v2\/types\/page"}],"author":[{"embeddable":true,"href":"https:\/\/www.repopsi.f.bg.ac.rs\/sr\/wp-json\/wp\/v2\/users\/5"}],"replies":[{"embeddable":true,"href":"https:\/\/www.repopsi.f.bg.ac.rs\/sr\/wp-json\/wp\/v2\/comments?post=1198"}],"version-history":[{"count":2,"href":"https:\/\/www.repopsi.f.bg.ac.rs\/sr\/wp-json\/wp\/v2\/pages\/1198\/revisions"}],"predecessor-version":[{"id":1200,"href":"https:\/\/www.repopsi.f.bg.ac.rs\/sr\/wp-json\/wp\/v2\/pages\/1198\/revisions\/1200"}],"wp:attachment":[{"href":"https:\/\/www.repopsi.f.bg.ac.rs\/sr\/wp-json\/wp\/v2\/media?parent=1198"}],"curies":[{"name":"wp","href":"https:\/\/api.w.org\/{rel}","templated":true}]}}