{"id":1201,"date":"2023-07-12T09:49:27","date_gmt":"2023-07-12T08:49:27","guid":{"rendered":"https:\/\/www.repopsi.f.bg.ac.rs\/?page_id=1201"},"modified":"2024-03-04T20:57:14","modified_gmt":"2024-03-04T19:57:14","slug":"uslovi-koriscenja","status":"publish","type":"page","link":"https:\/\/www.repopsi.f.bg.ac.rs\/sr\/uslovi-koriscenja\/","title":{"rendered":"Uslovi kori\u0161\u0107enja REPOPSI-ja"},"content":{"rendered":"<p>[et_pb_section fb_built=&#8220;1&#8243; admin_label=&#8220;section&#8220; _builder_version=&#8220;4.16&#8243; global_colors_info=&#8220;{}&#8220;][et_pb_row admin_label=&#8220;row&#8220; _builder_version=&#8220;4.16&#8243; background_size=&#8220;initial&#8220; background_position=&#8220;top_left&#8220; background_repeat=&#8220;repeat&#8220; global_colors_info=&#8220;{}&#8220;][et_pb_column type=&#8220;4_4&#8243; _builder_version=&#8220;4.16&#8243; custom_padding=&#8220;|||&#8220; global_colors_info=&#8220;{}&#8220; custom_padding__hover=&#8220;|||&#8220;][et_pb_text admin_label=&#8220;Text&#8220; _builder_version=&#8220;4.21.0&#8243; background_size=&#8220;initial&#8220; background_position=&#8220;top_left&#8220; background_repeat=&#8220;repeat&#8220; hover_enabled=&#8220;0&#8243; global_colors_info=&#8220;{}&#8220; sticky_enabled=&#8220;0&#8243;]<\/p>\n<hr \/>\n<p><strong>1. UVOD<\/strong><\/p>\n<p><a href=\"https:\/\/osf.io\/5zb8p\/\" target=\"_blank\" rel=\"noopener\">Repozitorijum psiholo\u0161kih instrumenata na srpskom jeziku<\/a>\u00a0(u daljem tekstu: REPOPSI) je otvoreni repozitorijum psiholo\u0161kih mera, skala, testova i drugih istra\u017eiva\u010dkih instrumenata. REPOPSI odr\u017eava\u00a0<a href=\"https:\/\/lira.f.bg.ac.rs\/sr\/\" target=\"_blank\" rel=\"noopener\">Laboratorija za istra\u017eivanje individualnih razlika<\/a>\u00a0Filozofskog fakulteta Univerziteta u Beogradu (u daljem tekstu: LIRA).<\/p>\n<hr \/>\n<p><strong>2. DEFINICIJE<\/strong><\/p>\n<p><strong>\u201eOSF\u201d<\/strong>: Besplatna istra\u017eiva\u010dka platforma otvorenog koda dizajnirana da pomogne istra\u017eiva\u010dima da praktikuju otvorenu nauku.<\/p>\n<p><strong>\u201eProjekat\u201d<\/strong>: Pojedina\u010dni ili zajedni\u010dki radni prostor na OSF-u u koji mogu da budu ugra\u0111eni jedan podprojekat (ili vi\u0161e njih) ili jedna komponenta (ili vi\u0161e njih).<\/p>\n<p><strong>\u201eKomponenta\u201d<\/strong>: Potprojekat, tj. folder Projekta na OSF-u, sa prilago\u0111enim pode\u0161avanjima privatnosti.<\/p>\n<p><strong>\u201ePasivni korisnik\u201d<\/strong>: Osobe koje mogu da koriste OSF samo kao izvor informacija bez ikakve moguc\u0301nosti da menjaju ili modifikuju bilo koji sadr\u017eaj Projekta.<\/p>\n<hr \/>\n<p><strong>3. USLOVI KORI\u0160\u0106ENJA<\/strong><\/p>\n<p>REPOPSI je javni projekat na OSF-u. Instrumenti dostupni u celosti u REPOPSI deponuju se u njihovoj sopstvenoj javnoj komponenti. Ovi Uslovi kori\u0161c\u0301enja koriste termin \u201eREPOPSI\u201d da bi ozna\u010dili i Projekat i svaku pojedina\u010dnu komponentu unutar njega.<\/p>\n<p>Pristup REPOPSI-ju i njegovo kori\u0161c\u0301enje regulisani su odredbama i uslovima definisanim u ovim Uslovima kori\u0161c\u0301enja. Pristupanjem REPOPSI-ju ili njegovim kori\u0161c\u0301enjem, korisnik je saglasan sa time da se pridr\u017eava ovih Uslova kori\u0161c\u0301enja, koji mogu da budu a\u017eurirani ili promenjeni.<\/p>\n<p>Politika privatnosti REPOPSI-ja, koja je uklju\u010dena u ove Uslove kori\u0161\u0107enja time \u0161to je na nju referisano, obja\u0161njava kako REPOPSI tretira podatke i privatnost korisnika kada oni pristupe REPOPSI-ju ili kad ga koriste. Pristupanjem REPOPSI-ju ili njegovim kori\u0161c\u0301enjem, korisnik prihvata\u00a0<a href=\"https:\/\/osf.io\/5zb8p\/wiki\/politika-privatnosti\/\" target=\"_blank\" rel=\"noopener\">Politiku privatnosti REPOPSI-ja<\/a>.<\/p>\n<p>Pristup REPOPSI-ju i njegovo kori\u0161c\u0301enje podrazumeva saglasnost sa slede\u0107im uslovima:<\/p>\n<ol>\n<li>Korisnici c\u0301e po\u0161tovati\u00a0<a href=\"https:\/\/github.com\/CenterForOpenScience\/cos.io\/blob\/master\/TERMS_OF_USE.md\" target=\"_blank\" rel=\"noopener\">Uslove kori\u0161c\u0301enja OSF-a<\/a>. Svi korisnici REPOPSI-ja mogu da budu pasivni korisnici OSF-a.<\/li>\n<li>REPOPSI se obezbe\u0111uje bez naknade radi nekomercijalne upotrebe u istra\u017eiva\u010dke, obrazovne, klini\u010dke i informativne svrhe.<\/li>\n<li>REPOPSI c\u0301e se redovno a\u017eurirati ili na neki drugi na\u010din menjati. Administratori REPOPSI-ja zadr\u017eavaju pravo izmene ili brisanja informacija bez prethodne najave.<\/li>\n<li>Sve informacije su date \u201eu zate\u010denom stanju\u201d i korisnik \u0107e smatrati da su REPOPSI, pru\u017eaoci informacija koji doprinose podacima REPOPSI-ju, kao i LIRA (uklju\u010duju\u0107i i pojedina\u010dne istra\u017eiva\u010de LIRA-e) bez krivice i namere da nanesu \u0161tetu u vezi sa kori\u0161\u0107enjem takvih informacija. Konkretno, REPOPSI i LIRA ne garantuju da su prevodi koji se nalaze u REPOPSI-ju jedini i\/ili zvani\u010dni prevodi originalnih instrumenata.<\/li>\n<li>Korisnici c\u0301e po\u0161tovati autorska prava i primenljive uslove licence. Konkretno, kori\u0161c\u0301enje instrumenata koji su u celosti dostupni u REPOPSI-ju podle\u017ee licenci\u00a0<a href=\"https:\/\/creativecommons.org\/licenses\/by-nc-sa\/4.0\/deed.sr-latn\" target=\"_blank\" rel=\"noopener\">Autorstvo-Nekomercijalno-Deliti pod istim uslovima 4.0 Me\u0111unarodna (CC BY-NC-SA 4.0)<\/a>; priznavanje autorstva zna\u010di da autori originalne i prevedene\/adaptirane verzije instrumenata moraju da budu citirani kad god se instrument koristi. Preuzimanje i kori\u0161c\u0301enje informacija iz REPOPSI-ja ne predstavlja prenos intelektualne svojine.<\/li>\n<li>Informacije dobijene iz metapodataka REPOPSI-ja mogu se ponovo koristiti pod licencom\u00a0<a href=\"https:\/\/creativecommons.org\/licenses\/by-nc-sa\/4.0\/deed.sr-latn\" target=\"_blank\" rel=\"noopener\">Autorstvo-Nekomercijalno-Deliti pod istim uslovima 4.0 Me\u0111unarodna (CC BY-NC-SA 4.0)<\/a>\u00a0osim ako nije izri\u010dito navedeno druga\u010dije.<\/li>\n<\/ol>\n<hr \/>\n<p><strong>4. PITANJA<\/strong><\/p>\n<p>Molimo kontaktirajte\u00a0<a href=\"mailto:lira@f.bg.ac.rs\">lira@f.bg.ac.rs<\/a>\u00a0ako imate pitanja ili komentare u vezi sa REPOPSI-jem; ako niste sigurni da li va\u0161a nameravana upotreba ispunjava ove uslove; ili, ako \u017eelite da se bilo \u0161ta u REPOPSI-ju ukloni ili promeni. Podr\u0161ka je obezbe\u0111ena na engleskom i srpskom jeziku.<\/p>\n<p>Ovi Uslovi kori\u0161c\u0301enja su poslednji put a\u017eurirani 16. juna 2023.<\/p>\n<p>[\/et_pb_text][\/et_pb_column][\/et_pb_row][\/et_pb_section]<\/p>\n","protected":false},"excerpt":{"rendered":"<p>1. UVOD Repozitorijum psiholo\u0161kih instrumenata na srpskom jeziku\u00a0(u daljem tekstu: REPOPSI) je otvoreni repozitorijum psiholo\u0161kih mera, skala, testova i drugih istra\u017eiva\u010dkih instrumenata. REPOPSI odr\u017eava\u00a0Laboratorija za istra\u017eivanje individualnih razlika\u00a0Filozofskog fakulteta Univerziteta u Beogradu (u daljem tekstu: LIRA). 2. DEFINICIJE \u201eOSF\u201d: Besplatna istra\u017eiva\u010dka platforma otvorenog koda dizajnirana da pomogne istra\u017eiva\u010dima da praktikuju otvorenu nauku. \u201eProjekat\u201d: Pojedina\u010dni ili [&hellip;]<\/p>\n","protected":false},"author":5,"featured_media":0,"parent":0,"menu_order":0,"comment_status":"closed","ping_status":"closed","template":"","meta":{"_acf_changed":false,"_et_pb_use_builder":"on","_et_pb_old_content":"<hr \/>\r\n\r\n<strong>1. UVOD<\/strong>\r\n\r\n<a href=\"https:\/\/osf.io\/5zb8p\/\">Repozitorijum psiholo\u0161kih instrumenata na srpskom jeziku<\/a>\u00a0(u daljem tekstu: REPOPSI) je otvoreni repozitorijum psiholo\u0161kih mera, skala, testova i drugih istra\u017eiva\u010dkih instrumenata. REPOPSI odr\u017eava\u00a0<a href=\"https:\/\/lira.f.bg.ac.rs\/sr\/\">Laboratorija za istra\u017eivanje individualnih razlika<\/a>\u00a0Filozofskog fakulteta Univerziteta u Beogradu (u daljem tekstu: LIRA).\r\n\r\n<hr \/>\r\n\r\n<strong>2. DEFINICIJE<\/strong>\r\n\r\n<strong>\u201eOSF\u201d<\/strong>: Besplatna istra\u017eiva\u010dka platforma otvorenog koda dizajnirana da pomogne istra\u017eiva\u010dima da praktikuju otvorenu nauku.\r\n\r\n<strong>\u201eProjekat\u201d<\/strong>: Pojedina\u010dni ili zajedni\u010dki radni prostor na OSF-u u koji mogu da budu ugra\u0111eni jedan podprojekat (ili vi\u0161e njih) ili jedna komponenta (ili vi\u0161e njih).\r\n\r\n<strong>\u201eKomponenta\u201d<\/strong>: Potprojekat, tj. folder Projekta na OSF-u, sa prilago\u0111enim pode\u0161avanjima privatnosti.\r\n\r\n<strong>\u201ePasivni korisnik\u201d<\/strong>: Osobe koje mogu da koriste OSF samo kao izvor informacija bez ikakve moguc\u0301nosti da menjaju ili modifikuju bilo koji sadr\u017eaj Projekta.\r\n\r\n<hr \/>\r\n\r\n<strong>3. USLOVI KORI\u0160\u0106ENJA<\/strong>\r\n\r\nREPOPSI je javni projekat na OSF-u. Instrumenti dostupni u celosti u REPOPSI deponuju se u njihovoj sopstvenoj javnoj komponenti. Ovi Uslovi kori\u0161c\u0301enja koriste termin \u201eREPOPSI\u201d da bi ozna\u010dili i Projekat i svaku pojedina\u010dnu komponentu unutar njega.\r\n\r\nPristup REPOPSI-ju i njegovo kori\u0161c\u0301enje regulisani su odredbama i uslovima definisanim u ovim Uslovima kori\u0161c\u0301enja. Pristupanjem REPOPSI-ju ili njegovim kori\u0161c\u0301enjem, korisnik je saglasan sa time da se pridr\u017eava ovih Uslova kori\u0161c\u0301enja, koji mogu da budu a\u017eurirani ili promenjeni.\r\n\r\nPolitika privatnosti REPOPSI-ja, koja je uklju\u010dena u ove Uslove kori\u0161\u0107enja time \u0161to je na nju referisano, obja\u0161njava kako REPOPSI tretira podatke i privatnost korisnika kada oni pristupe REPOPSI-ju ili kad ga koriste. Pristupanjem REPOPSI-ju ili njegovim kori\u0161c\u0301enjem, korisnik prihvata\u00a0<a href=\"https:\/\/osf.io\/5zb8p\/wiki\/politika-privatnosti\/\">Politiku privatnosti REPOPSI-ja<\/a>.\r\n\r\nPristup REPOPSI-ju i njegovo kori\u0161c\u0301enje podrazumeva saglasnost sa slede\u0107im uslovima:\r\n<ol>\r\n \t<li>Korisnici c\u0301e po\u0161tovati\u00a0<a href=\"https:\/\/github.com\/CenterForOpenScience\/cos.io\/blob\/master\/TERMS_OF_USE.md\">Uslove kori\u0161c\u0301enja OSF-a<\/a>. Svi korisnici REPOPSI-ja mogu da budu pasivni korisnici OSF-a.<\/li>\r\n \t<li>REPOPSI se obezbe\u0111uje bez naknade radi nekomercijalne upotrebe u istra\u017eiva\u010dke, obrazovne, klini\u010dke i informativne svrhe.<\/li>\r\n \t<li>REPOPSI c\u0301e se redovno a\u017eurirati ili na neki drugi na\u010din menjati. Administratori REPOPSI-ja zadr\u017eavaju pravo izmene ili brisanja informacija bez prethodne najave.<\/li>\r\n \t<li>Sve informacije su date \u201eu zate\u010denom stanju\u201d i korisnik \u0107e smatrati da su REPOPSI, pru\u017eaoci informacija koji doprinose podacima REPOPSI-ju, kao i LIRA (uklju\u010duju\u0107i i pojedina\u010dne istra\u017eiva\u010de LIRA-e) bez krivice i namere da nanesu \u0161tetu u vezi sa kori\u0161\u0107enjem takvih informacija. Konkretno, REPOPSI i LIRA ne garantuju da su prevodi koji se nalaze u REPOPSI-ju jedini i\/ili zvani\u010dni prevodi originalnih instrumenata.<\/li>\r\n \t<li>Korisnici c\u0301e po\u0161tovati autorska prava i primenljive uslove licence. Konkretno, kori\u0161c\u0301enje instrumenata koji su u celosti dostupni u REPOPSI-ju podle\u017ee licenci\u00a0<a href=\"https:\/\/creativecommons.org\/licenses\/by-nc-sa\/4.0\/deed.sr_LATN\">Autorstvo-Nekomercijalno-Deliti pod istim uslovima 4.0 Me\u0111unarodna (CC BY-NC-SA 4.0)<\/a>; priznavanje autorstva zna\u010di da autori originalne i prevedene\/adaptirane verzije instrumenata moraju da budu citirani kad god se instrument koristi. Preuzimanje i kori\u0161c\u0301enje informacija iz REPOPSI-ja ne predstavlja prenos intelektualne svojine.<\/li>\r\n \t<li>Informacije dobijene iz metapodataka REPOPSI-ja mogu se ponovo koristiti pod licencom\u00a0<a href=\"https:\/\/creativecommons.org\/licenses\/by-nc-sa\/4.0\/deed.sr_LATN\">Autorstvo-Nekomercijalno-Deliti pod istim uslovima 4.0 Me\u0111unarodna (CC BY-NC-SA 4.0)<\/a>\u00a0osim ako nije izri\u010dito navedeno druga\u010dije.<\/li>\r\n<\/ol>\r\n\r\n<hr \/>\r\n\r\n<strong>4. PITANJA<\/strong>\r\n\r\nMolimo kontaktirajte\u00a0<a href=\"mailto:lira@f.bg.ac.rs\">lira@f.bg.ac.rs<\/a>\u00a0ako imate pitanja ili komentare u vezi sa REPOPSI-jem; ako niste sigurni da li va\u0161a nameravana upotreba ispunjava ove uslove; ili, ako \u017eelite da se bilo \u0161ta u REPOPSI-ju ukloni ili promeni. Podr\u0161ka je obezbe\u0111ena na engleskom i srpskom jeziku.\r\n\r\nOvi Uslovi kori\u0161c\u0301enja su poslednji put a\u017eurirani 16. juna 2023.","_et_gb_content_width":"","inline_featured_image":false,"footnotes":""},"class_list":["post-1201","page","type-page","status-publish","hentry"],"acf":[],"_links":{"self":[{"href":"https:\/\/www.repopsi.f.bg.ac.rs\/sr\/wp-json\/wp\/v2\/pages\/1201","targetHints":{"allow":["GET"]}}],"collection":[{"href":"https:\/\/www.repopsi.f.bg.ac.rs\/sr\/wp-json\/wp\/v2\/pages"}],"about":[{"href":"https:\/\/www.repopsi.f.bg.ac.rs\/sr\/wp-json\/wp\/v2\/types\/page"}],"author":[{"embeddable":true,"href":"https:\/\/www.repopsi.f.bg.ac.rs\/sr\/wp-json\/wp\/v2\/users\/5"}],"replies":[{"embeddable":true,"href":"https:\/\/www.repopsi.f.bg.ac.rs\/sr\/wp-json\/wp\/v2\/comments?post=1201"}],"version-history":[{"count":3,"href":"https:\/\/www.repopsi.f.bg.ac.rs\/sr\/wp-json\/wp\/v2\/pages\/1201\/revisions"}],"predecessor-version":[{"id":1315,"href":"https:\/\/www.repopsi.f.bg.ac.rs\/sr\/wp-json\/wp\/v2\/pages\/1201\/revisions\/1315"}],"wp:attachment":[{"href":"https:\/\/www.repopsi.f.bg.ac.rs\/sr\/wp-json\/wp\/v2\/media?parent=1201"}],"curies":[{"name":"wp","href":"https:\/\/api.w.org\/{rel}","templated":true}]}}